{"id":6877,"date":"2019-06-07T16:28:05","date_gmt":"2019-06-07T14:28:05","guid":{"rendered":"https:\/\/terresdetrek.com\/mentions-legales\/"},"modified":"2025-07-02T11:39:36","modified_gmt":"2025-07-02T09:39:36","slug":"mentions-legales","status":"publish","type":"page","link":"https:\/\/terresdetrek.com\/en\/mentions-legales\/","title":{"rendered":"Mentions l\u00e9gales"},"content":{"rendered":"<section class=\"l-section wpb_row height_medium\"><div class=\"l-section-h i-cf\"><div class=\"g-cols vc_row via_flex valign_top type_default stacking_default\"><div class=\"vc_col-sm-12 wpb_column vc_column_container\"><div class=\"vc_column-inner\"><div class=\"wpb_wrapper\"><div class=\"wpb_text_column\"><div class=\"wpb_wrapper\"><h1>Mentions l\u00e9gales<\/h1>\n<\/div><\/div><\/div><\/div><\/div><\/div><\/div><\/section><section class=\"l-section wpb_row height_medium\"><div class=\"l-section-h i-cf\"><div class=\"g-cols vc_row via_flex valign_top type_default stacking_default\"><div class=\"vc_col-sm-12 wpb_column vc_column_container\"><div class=\"vc_column-inner\"><div class=\"wpb_wrapper\"><div class=\"wpb_text_column\"><div class=\"wpb_wrapper\"><h2>Pr\u00e9sentation du site<\/h2>\n<p>En vertu de l\u2019article 6 de la loi n\u00b0 2004-575 du 21 juin 2004 pour la confiance dans l\u2019\u00e9conomie num\u00e9rique, il est pr\u00e9cis\u00e9 aux utilisateurs du site terresdetrek.com l\u2019identit\u00e9 des diff\u00e9rents intervenants dans le cadre de sa r\u00e9alisation et de son suivi :<\/p>\n<ul>\n<li><strong>Propri\u00e9taire :<\/strong> Terres de Trek &#8211; Tanguy TROMPETTE &#8211; 29 Avenue du 159eme RIA, Cite administrative CCAS, 05100 BRIAN\u00c7ON &#8211; France &#8211; SIREN : 839805389<\/li>\n<li><strong>Responsable publication<\/strong> : Tanguy TROMPETTE \u2013 terresdetrek@gmail.com<\/li>\n<li><strong>H\u00e9bergeur :<\/strong> INFOMANIAK NETWORK SA \u2013 IDE: CHE-103.167.648 \u2013 Swiss Post Box: 106407 \u2013 Quai du Mont-Blanc 33 \u2013 CH-1201 Gen\u00e8ve, Suisse.<\/li>\n<\/ul>\n<\/div><\/div><\/div><\/div><\/div><\/div><\/div><\/section><section class=\"l-section wpb_row height_medium\"><div class=\"l-section-overlay\" style=\"background:#f2f4f5\"><\/div><div class=\"l-section-h i-cf\"><div class=\"g-cols vc_row via_flex valign_top type_default stacking_default\"><div class=\"vc_col-sm-12 wpb_column vc_column_container\"><div class=\"vc_column-inner\"><div class=\"wpb_wrapper\"><div class=\"wpb_text_column\"><div class=\"wpb_wrapper\"><h2>Cr\u00e9dits<\/h2>\n<ul>\n<li><strong>Site d\u00e9velopp\u00e9 par :<\/strong> La Coquille Web &#8211; Steven Barati\u00e9<\/li>\n<li><strong>Design du logo :<\/strong> <a href=\"https:\/\/www.margauxcrestey.com\/\" target=\"_blank\" rel=\"noopener noreferrer\">Margaux CRESTEY<\/a><\/li>\n<\/ul>\n<\/div><\/div><\/div><\/div><\/div><\/div><\/div><\/section><section class=\"l-section wpb_row height_medium\"><div class=\"l-section-h i-cf\"><div class=\"g-cols vc_row via_flex valign_top type_default stacking_default\"><div class=\"vc_col-sm-12 wpb_column vc_column_container\"><div class=\"vc_column-inner\"><div class=\"wpb_wrapper\"><div class=\"wpb_text_column\"><div class=\"wpb_wrapper\"><h2>Conditions g\u00e9n\u00e9rales d\u2019utilisation du site et des services propos\u00e9s<\/h2>\n<p>L\u2019utilisation du site terresdetrek.com implique l\u2019acceptation pleine et enti\u00e8re des conditions g\u00e9n\u00e9rales d\u2019utilisation ci-apr\u00e8s d\u00e9crites. Ces conditions d\u2019utilisation sont susceptibles d\u2019\u00eatre modifi\u00e9es ou compl\u00e9t\u00e9es \u00e0 tout moment, les utilisateurs du site terresdetrek.com sont donc invit\u00e9s \u00e0 les consulter de mani\u00e8re r\u00e9guli\u00e8re.<\/p>\n<p>Ce site est normalement accessible \u00e0 tout moment aux utilisateurs. Une interruption pour raison de maintenance technique peut \u00eatre toutefois d\u00e9cid\u00e9e par terresdetrek.com, qui s\u2019efforcera alors de communiquer pr\u00e9alablement aux utilisateurs les dates et heures de l\u2019intervention.<\/p>\n<p>Le site terresdetrek.com est mis \u00e0 jour r\u00e9guli\u00e8rement par Terres de Trek. De la m\u00eame fa\u00e7on, les mentions l\u00e9gales peuvent \u00eatre modifi\u00e9es \u00e0 tout moment : elles s\u2019imposent n\u00e9anmoins \u00e0 l\u2019utilisateur qui est invit\u00e9 \u00e0 s\u2019y r\u00e9f\u00e9rer le plus souvent possible afin d\u2019en prendre connaissance.<\/p>\n<\/div><\/div><\/div><\/div><\/div><\/div><\/div><\/section><section class=\"l-section wpb_row height_medium\"><div class=\"l-section-overlay\" style=\"background:#f2f4f5\"><\/div><div class=\"l-section-h i-cf\"><div class=\"g-cols vc_row via_flex valign_top type_default stacking_default\"><div class=\"vc_col-sm-12 wpb_column vc_column_container\"><div class=\"vc_column-inner\"><div class=\"wpb_wrapper\"><div class=\"wpb_text_column\"><div class=\"wpb_wrapper\"><h2>Description des services fournis<\/h2>\n<p>Le site terresdetrek.com a pour objet de fournir une information concernant l\u2019ensemble des activit\u00e9s de la soci\u00e9t\u00e9.<\/p>\n<p>Terres de Trek s\u2019efforce de fournir sur le site terresdetrek.com des informations aussi pr\u00e9cises que possible. Toutefois, il ne pourra \u00eatre tenue responsable des omissions, des inexactitudes et des carences dans la mise \u00e0 jour, qu\u2019elles soient de son fait ou du fait des tiers partenaires qui lui fournissent ces informations.<\/p>\n<p>Tous les informations indiqu\u00e9es sur le site terresdetrek.com sont donn\u00e9es \u00e0 titre indicatif, et sont susceptibles d\u2019\u00e9voluer. Par ailleurs, les renseignements figurant sur le site terresdetrek.com ne sont pas exhaustifs. Ils sont donn\u00e9s sous r\u00e9serve de modifications ayant \u00e9t\u00e9 apport\u00e9es depuis leur mise en ligne.<\/p>\n<\/div><\/div><\/div><\/div><\/div><\/div><\/div><\/section><section class=\"l-section wpb_row height_medium\"><div class=\"l-section-h i-cf\"><div class=\"g-cols vc_row via_flex valign_top type_default stacking_default\"><div class=\"vc_col-sm-12 wpb_column vc_column_container\"><div class=\"vc_column-inner\"><div class=\"wpb_wrapper\"><div class=\"wpb_text_column\"><div class=\"wpb_wrapper\"><h2>Limitations contractuelles sur les donn\u00e9es techniques<\/h2>\n<p><strong>Le site utilise la technologie JavaScript.<\/strong><\/p>\n<p>Le site Internet ne pourra \u00eatre tenu responsable de dommages mat\u00e9riels li\u00e9s \u00e0 l\u2019utilisation du site. De plus, l\u2019utilisateur du site s\u2019engage \u00e0 acc\u00e9der au site en utilisant un mat\u00e9riel r\u00e9cent, ne contenant pas de virus et avec un navigateur de derni\u00e8re g\u00e9n\u00e9ration mis-\u00e0-jour.<\/p>\n<\/div><\/div><\/div><\/div><\/div><\/div><\/div><\/section><section class=\"l-section wpb_row height_medium\"><div class=\"l-section-overlay\" style=\"background:#f2f4f5\"><\/div><div class=\"l-section-h i-cf\"><div class=\"g-cols vc_row via_flex valign_top type_default stacking_default\"><div class=\"vc_col-sm-12 wpb_column vc_column_container\"><div class=\"vc_column-inner\"><div class=\"wpb_wrapper\"><div class=\"wpb_text_column\"><div class=\"wpb_wrapper\"><h2>Propri\u00e9t\u00e9 intellectuelle et contrefa\u00e7ons<\/h2>\n<p>Terres de Trek est propri\u00e9taire des droits de propri\u00e9t\u00e9 intellectuelle ou d\u00e9tient les droits d\u2019usage sur tous les \u00e9l\u00e9ments accessibles sur le site, notamment les textes, images, graphismes, logo, ic\u00f4nes, sons, logiciels.<\/p>\n<p>Toute reproduction, repr\u00e9sentation, modification, publication, adaptation de tout ou partie des \u00e9l\u00e9ments du site, quel que soit le moyen ou le proc\u00e9d\u00e9 utilis\u00e9, est interdite, sauf autorisation \u00e9crite pr\u00e9alable de : Terres de Trek<\/p>\n<p>Toute exploitation non autoris\u00e9e du site ou de l\u2019un quelconque des \u00e9l\u00e9ments qu\u2019il contient sera consid\u00e9r\u00e9e comme constitutive d\u2019une contrefa\u00e7on et poursuivie conform\u00e9ment aux dispositions des articles L.335-2 et suivants du Code de Propri\u00e9t\u00e9 Intellectuelle.<\/p>\n<\/div><\/div><\/div><\/div><\/div><\/div><\/div><\/section><section class=\"l-section wpb_row height_medium\"><div class=\"l-section-h i-cf\"><div class=\"g-cols vc_row via_flex valign_top type_default stacking_default\"><div class=\"vc_col-sm-12 wpb_column vc_column_container\"><div class=\"vc_column-inner\"><div class=\"wpb_wrapper\"><div class=\"wpb_text_column\"><div class=\"wpb_wrapper\"><h2>Limitations de responsabilit\u00e9<\/h2>\n<p>Terres de Trek ne pourra \u00eatre tenu responsable des dommages directs et indirects caus\u00e9s au mat\u00e9riel de l\u2019utilisateur, lors de l\u2019acc\u00e8s au site terresdetrek.com, et r\u00e9sultant soit de l\u2019utilisation d\u2019un mat\u00e9riel ne r\u00e9pondant pas aux sp\u00e9cifications indiqu\u00e9es au point 4, soit de l\u2019apparition d\u2019un bug ou d\u2019une incompatibilit\u00e9.<\/p>\n<p>Terres de Trek ne pourra \u00e9galement \u00eatre tenu responsable des dommages indirects (tels par exemple qu\u2019une perte de march\u00e9 ou perte d\u2019une chance) cons\u00e9cutifs \u00e0 l\u2019utilisation du site terresdetrek.com.<\/p>\n<p>Des espaces interactifs (possibilit\u00e9 de poser des questions dans l\u2019espace contact) sont \u00e0 la disposition des utilisateurs. Terres de Trek se r\u00e9serve le droit de supprimer, sans mise en demeure pr\u00e9alable, tout contenu d\u00e9pos\u00e9 dans cet espace qui contreviendrait \u00e0 la l\u00e9gislation applicable en France, en particulier aux dispositions relatives \u00e0 la protection des donn\u00e9es. Le cas \u00e9ch\u00e9ant, Terres de Trek se r\u00e9serve \u00e9galement la possibilit\u00e9 de mettre en cause la responsabilit\u00e9 civile et\/ou p\u00e9nale de l\u2019utilisateur, notamment en cas de message \u00e0 caract\u00e8re raciste, injurieux, diffamant, ou pornographique, quel que soit le support utilis\u00e9 (texte, photographie\u2026).<\/p>\n<\/div><\/div><\/div><\/div><\/div><\/div><\/div><\/section><section class=\"l-section wpb_row height_medium\"><div class=\"l-section-overlay\" style=\"background:#f2f4f5\"><\/div><div class=\"l-section-h i-cf\"><div class=\"g-cols vc_row via_flex valign_top type_default stacking_default\"><div class=\"vc_col-sm-12 wpb_column vc_column_container\"><div class=\"vc_column-inner\"><div class=\"wpb_wrapper\"><div class=\"wpb_text_column\"><div class=\"wpb_wrapper\"><h2>Gestion des donn\u00e9es personnelles<\/h2>\n<h3>Les formulaires<\/h3>\n<p>Chaque formulaire ou t\u00e9l\u00e9service limite la collecte des donn\u00e9es personnelles au strict n\u00e9cessaire (minimisation des donn\u00e9es) et indique notamment :<\/p>\n<ul>\n<li>quels sont les objectifs du recueil de ces donn\u00e9es (finalit\u00e9s) ;<\/li>\n<li>si ces donn\u00e9es sont obligatoires ou facultatives pour la gestion de votre demande ;<\/li>\n<li>qui pourra en prendre connaissance (uniquement Terres de Trek en principe, sauf pr\u00e9cision dans le formulaire lorsqu\u2019une transmission \u00e0 un tiers est n\u00e9cessaire \u00e0 la gestion de votre demande) ;<\/li>\n<li>vos droits Informatique et Libert\u00e9s et la fa\u00e7on de les exercer aupr\u00e8s de Terres de Trek.<\/li>\n<\/ul>\n<p>Les donn\u00e9es personnelles recueillies dans le cadre des services propos\u00e9s sur terresdetrek.com sont trait\u00e9es selon des protocoles s\u00e9curis\u00e9s et permettent \u00e0 Terres de Trek de g\u00e9rer les demandes re\u00e7ues dans ses applications informatiques.<\/p>\n<p>Pour toute information ou exercice de vos droits Informatique et Libert\u00e9s sur les traitements de donn\u00e9es personnelles g\u00e9r\u00e9s par Terres de Trek :<\/p>\n<ul>\n<li><strong>par courriel :<\/strong> terresdetrek@gmail.com<\/li>\n<li><strong>ou par voie postale :<\/strong><br \/>\nTerres de Trek &#8211; Tanguy Trompette<br \/>\n9 Avenue Ren\u00e9 Froger, CCAS<br \/>\n05100 BRIAN\u00c7ON<\/li>\n<\/ul>\n<h3>Commentaires<\/h3>\n<p>Quand vous laissez un commentaire sur notre site web, les donn\u00e9es inscrites dans le formulaire de commentaire, mais aussi votre adresse IP et l\u2019agent utilisateur de votre navigateur sont collect\u00e9s pour nous aider \u00e0 la d\u00e9tection des commentaires ind\u00e9sirables.<\/p>\n<p>Une cha\u00eene anonymis\u00e9e cr\u00e9\u00e9e \u00e0 partir de votre adresse de messagerie (\u00e9galement appel\u00e9e hash) peut \u00eatre envoy\u00e9e au service Gravatar pour v\u00e9rifier si vous utilisez ce dernier. Les clauses de confidentialit\u00e9 du service Gravatar sont disponibles ici : https:\/\/automattic.com\/privacy\/. Apr\u00e8s validation de votre commentaire, votre photo de profil sera visible publiquement \u00e0 cot\u00e9 de votre commentaire.<\/p>\n<p>Les commentaires des visiteurs peuvent \u00eatre v\u00e9rifi\u00e9s \u00e0 l\u2019aide d\u2019un service automatis\u00e9 de d\u00e9tection des commentaires ind\u00e9sirables.<\/p>\n<h3>M\u00e9dias<\/h3>\n<p>Si vous \u00eates un utilisateur ou une utilisatrice enregistr\u00e9\u00b7e et que vous t\u00e9l\u00e9versez des images sur le site web, nous vous conseillons d\u2019\u00e9viter de t\u00e9l\u00e9verser des images contenant des donn\u00e9es EXIF de coordonn\u00e9es GPS. Les visiteurs de votre site web peuvent t\u00e9l\u00e9charger et extraire des donn\u00e9es de localisation depuis ces images.<\/p>\n<h3>Statistiques et mesures d\u2019audience<\/h3>\n<p>Ce site utilise les services de Google Analytics pour mesurer les visites sur terresdetrek.com \u00e0 des fins de statistiques. Leur service enregistre l\u2019adresse IP de l\u2019utilisateur.<\/p>\n<p>Ces donn\u00e9es sont conserv\u00e9es 26 mois puis sont effac\u00e9es automatiquement.<\/p>\n<p>Si vous ne souhaitez pas \u00eatre inclus dans ces statistiques, nous vous conseillons d\u2019utiliser la fonctionnalit\u00e9 de navigation priv\u00e9 de votre navigateur.<\/p>\n<\/div><\/div><\/div><\/div><\/div><\/div><\/div><\/section><section class=\"l-section wpb_row height_medium\"><div class=\"l-section-h i-cf\"><div class=\"g-cols vc_row via_flex valign_top type_default stacking_default\"><div class=\"vc_col-sm-12 wpb_column vc_column_container\"><div class=\"vc_column-inner\"><div class=\"wpb_wrapper\"><div class=\"wpb_text_column\"><div class=\"wpb_wrapper\"><h2>Liens hypertextes et cookies<\/h2>\n<p>Le site terresdetrek.com contient un certain nombre de liens hypertextes vers d\u2019autres sites, mis en place avec l\u2019autorisation de Terres de Trek. Cependant, Terres de Trek n\u2019a pas la possibilit\u00e9 de v\u00e9rifier le contenu des sites ainsi visit\u00e9s, et n\u2019assumera en cons\u00e9quence aucune responsabilit\u00e9 de ce fait.<\/p>\n<p>La navigation sur le site terresdetrek.com est susceptible de provoquer l\u2019installation de cookie(s) sur l\u2019ordinateur de l\u2019utilisateur. Un cookie est un fichier de petite taille, qui ne permet pas l\u2019identification de l\u2019utilisateur, mais qui enregistre des informations relatives \u00e0 la navigation d\u2019un ordinateur sur un site. Les donn\u00e9es ainsi obtenues visent \u00e0 faciliter la navigation ult\u00e9rieure sur le site, et ont \u00e9galement vocation \u00e0 permettre diverses mesures de fr\u00e9quentation.<\/p>\n<p>Le refus d\u2019installation d\u2019un cookie peut entra\u00eener l\u2019impossibilit\u00e9 d\u2019acc\u00e9der \u00e0 certains services. L\u2019utilisateur peut toutefois configurer son ordinateur de la mani\u00e8re suivante, pour refuser l\u2019installation des cookies :<\/p>\n<ul>\n<li><strong>Sous Edge :<\/strong> \u00c0 partir des points en haut \u00e0 gauche de votre fen\u00eatre, Cliquez sur \u201cParam\u00e8tres\u201d, puis \u201cParam\u00e8tres avanc\u00e9s\u201d, dans la partie \u201cCookies\u201d s\u00e9lectionnez \u201cBloquer tous les cookies\u201d. Pensez \u00e0 effacer vos donn\u00e9es de navigation en revenant sur la partie des \u201cParam\u00e8tres\u201d (la premi\u00e8re fen\u00eatre, et cliquez sur \u201cEffacer les donn\u00e9es de navigation, et cochez : \u201cCookie et donn\u00e9es des site web enregistr\u00e9es\u201d et \u201cFichiers et donn\u00e9es en cache\u201d.<\/li>\n<li><strong>Sous Internet Explorer :<\/strong> onglet outil (pictogramme en forme de rouage en haut a droite) \/ options internet. Cliquez sur Confidentialit\u00e9 et choisissez Bloquer tous les cookies. Validez sur Ok.<\/li>\n<li><strong>Sous Firefox :<\/strong> en haut de la fen\u00eatre du navigateur, cliquez sur le bouton Firefox, puis aller dans l\u2019onglet Options. Cliquer sur l\u2019onglet Vie priv\u00e9e. Param\u00e9trez les R\u00e8gles de conservation sur : utiliser les param\u00e8tres personnalis\u00e9s pour l\u2019historique. Enfin d\u00e9cochez-la pour d\u00e9sactiver les cookies.<\/li>\n<li><strong>Sous Safari :<\/strong> Cliquez en haut \u00e0 droite du navigateur sur le pictogramme de menu (symbolis\u00e9 par un rouage). S\u00e9lectionnez Param\u00e8tres. Cliquez sur Afficher les param\u00e8tres avanc\u00e9s. Dans la section \u00ab Confidentialit\u00e9 \u00bb, cliquez sur Param\u00e8tres de contenu. Dans la section \u00ab Cookies \u00bb, vous pouvez bloquer les cookies.<\/li>\n<li><strong>Sous Chrome :<\/strong> Cliquez en haut \u00e0 droite du navigateur sur le pictogramme de menu (symbolis\u00e9 par trois lignes horizontales). S\u00e9lectionnez Param\u00e8tres. Cliquez sur Afficher les param\u00e8tres avanc\u00e9s. Dans la section \u00ab Confidentialit\u00e9 \u00bb, cliquez sur pr\u00e9f\u00e9rences. Dans l\u2019onglet \u00ab Confidentialit\u00e9 \u00bb, vous pouvez bloquer les cookies.<\/li>\n<\/ul>\n<\/div><\/div><\/div><\/div><\/div><\/div><\/div><\/section><section class=\"l-section wpb_row height_medium\"><div class=\"l-section-overlay\" style=\"background:#f2f4f5\"><\/div><div class=\"l-section-h i-cf\"><div class=\"g-cols vc_row via_flex valign_top type_default stacking_default\"><div class=\"vc_col-sm-12 wpb_column vc_column_container\"><div class=\"vc_column-inner\"><div class=\"wpb_wrapper\"><div class=\"wpb_text_column\"><div class=\"wpb_wrapper\"><h2>Lexique<\/h2>\n<p><strong>Utilisateur :<\/strong> Internaute se connectant, utilisant le site susnomm\u00e9.<\/p>\n<p><strong>Informations personnelles :<\/strong> \u00ab les informations qui permettent, sous quelque forme que ce soit, directement ou non, l\u2019identification des personnes physiques auxquelles elles s\u2019appliquent \u00bb (article 4 de la loi n\u00b0 78-17 du 6 janvier 1978).<\/p>\n<p><strong>\u00a0<\/strong><\/p>\n<\/div><\/div><\/div><\/div><\/div><\/div><\/div><\/section>\n","protected":false},"excerpt":{"rendered":"Mentions l\u00e9gales Pr\u00e9sentation du site En vertu de l\u2019article 6 de la loi n\u00b0 2004-575 du 21 juin 2004 pour la confiance dans l\u2019\u00e9conomie num\u00e9rique, il est pr\u00e9cis\u00e9 aux utilisateurs du site terresdetrek.com l\u2019identit\u00e9 des diff\u00e9rents intervenants dans le cadre de sa r\u00e9alisation et de son suivi : Propri\u00e9taire : Terres de Trek &#8211; Tanguy...","protected":false},"author":2,"featured_media":0,"parent":0,"menu_order":0,"comment_status":"closed","ping_status":"closed","template":"","meta":{"footnotes":""},"class_list":["post-6877","page","type-page","status-publish","hentry"],"yoast_head":"<!-- This site is optimized with the Yoast SEO plugin v26.4 - https:\/\/yoast.com\/wordpress\/plugins\/seo\/ -->\n<title>Mentions l\u00e9gales - Terres de trek<\/title>\n<meta name=\"robots\" content=\"noindex, nofollow\" \/>\n<meta property=\"og:locale\" content=\"en_US\" \/>\n<meta property=\"og:type\" content=\"article\" \/>\n<meta property=\"og:title\" content=\"Mentions l\u00e9gales - Terres de trek\" \/>\n<meta property=\"og:url\" content=\"https:\/\/terresdetrek.com\/en\/mentions-legales\/\" \/>\n<meta property=\"og:site_name\" content=\"Terres de trek\" \/>\n<meta property=\"article:publisher\" content=\"https:\/\/www.facebook.com\/TerresdeTrek\/\" \/>\n<meta property=\"article:modified_time\" content=\"2025-07-02T09:39:36+00:00\" \/>\n<meta name=\"twitter:card\" content=\"summary_large_image\" \/>\n<meta name=\"twitter:label1\" content=\"Est. reading time\" \/>\n\t<meta name=\"twitter:data1\" content=\"8 minutes\" \/>\n<script type=\"application\/ld+json\" class=\"yoast-schema-graph\">{\"@context\":\"https:\/\/schema.org\",\"@graph\":[{\"@type\":\"WebPage\",\"@id\":\"https:\/\/terresdetrek.com\/en\/mentions-legales\/\",\"url\":\"https:\/\/terresdetrek.com\/en\/mentions-legales\/\",\"name\":\"Mentions l\u00e9gales - Terres de trek\",\"isPartOf\":{\"@id\":\"https:\/\/terresdetrek.com\/#website\"},\"datePublished\":\"2019-06-07T14:28:05+00:00\",\"dateModified\":\"2025-07-02T09:39:36+00:00\",\"breadcrumb\":{\"@id\":\"https:\/\/terresdetrek.com\/en\/mentions-legales\/#breadcrumb\"},\"inLanguage\":\"en-US\",\"potentialAction\":[{\"@type\":\"ReadAction\",\"target\":[\"https:\/\/terresdetrek.com\/en\/mentions-legales\/\"]}]},{\"@type\":\"BreadcrumbList\",\"@id\":\"https:\/\/terresdetrek.com\/en\/mentions-legales\/#breadcrumb\",\"itemListElement\":[{\"@type\":\"ListItem\",\"position\":1,\"name\":\"Accueil\",\"item\":\"https:\/\/terresdetrek.com\/en\/\"},{\"@type\":\"ListItem\",\"position\":2,\"name\":\"Mentions l\u00e9gales\"}]},{\"@type\":\"WebSite\",\"@id\":\"https:\/\/terresdetrek.com\/#website\",\"url\":\"https:\/\/terresdetrek.com\/\",\"name\":\"Terres de trek\",\"description\":\"L\u2019exploration des montagnes \u00e0 pied\",\"publisher\":{\"@id\":\"https:\/\/terresdetrek.com\/#organization\"},\"potentialAction\":[{\"@type\":\"SearchAction\",\"target\":{\"@type\":\"EntryPoint\",\"urlTemplate\":\"https:\/\/terresdetrek.com\/?s={search_term_string}\"},\"query-input\":{\"@type\":\"PropertyValueSpecification\",\"valueRequired\":true,\"valueName\":\"search_term_string\"}}],\"inLanguage\":\"en-US\"},{\"@type\":\"Organization\",\"@id\":\"https:\/\/terresdetrek.com\/#organization\",\"name\":\"Terres de Trek\",\"url\":\"https:\/\/terresdetrek.com\/\",\"logo\":{\"@type\":\"ImageObject\",\"inLanguage\":\"en-US\",\"@id\":\"https:\/\/terresdetrek.com\/#\/schema\/logo\/image\/\",\"url\":\"https:\/\/terresdetrek.com\/wp-content\/uploads\/2019\/12\/terres-de-trek-logo-entete-courriel.png\",\"contentUrl\":\"https:\/\/terresdetrek.com\/wp-content\/uploads\/2019\/12\/terres-de-trek-logo-entete-courriel.png\",\"width\":158,\"height\":72,\"caption\":\"Terres de Trek\"},\"image\":{\"@id\":\"https:\/\/terresdetrek.com\/#\/schema\/logo\/image\/\"},\"sameAs\":[\"https:\/\/www.facebook.com\/TerresdeTrek\/\",\"https:\/\/www.instagram.com\/terresdetrek\/?hl=fr\"]}]}<\/script>\n<!-- \/ Yoast SEO plugin. -->","yoast_head_json":{"title":"Mentions l\u00e9gales - Terres de trek","robots":{"index":"noindex","follow":"nofollow"},"og_locale":"en_US","og_type":"article","og_title":"Mentions l\u00e9gales - Terres de trek","og_url":"https:\/\/terresdetrek.com\/en\/mentions-legales\/","og_site_name":"Terres de trek","article_publisher":"https:\/\/www.facebook.com\/TerresdeTrek\/","article_modified_time":"2025-07-02T09:39:36+00:00","twitter_card":"summary_large_image","twitter_misc":{"Est. reading time":"8 minutes"},"schema":{"@context":"https:\/\/schema.org","@graph":[{"@type":"WebPage","@id":"https:\/\/terresdetrek.com\/en\/mentions-legales\/","url":"https:\/\/terresdetrek.com\/en\/mentions-legales\/","name":"Mentions l\u00e9gales - Terres de trek","isPartOf":{"@id":"https:\/\/terresdetrek.com\/#website"},"datePublished":"2019-06-07T14:28:05+00:00","dateModified":"2025-07-02T09:39:36+00:00","breadcrumb":{"@id":"https:\/\/terresdetrek.com\/en\/mentions-legales\/#breadcrumb"},"inLanguage":"en-US","potentialAction":[{"@type":"ReadAction","target":["https:\/\/terresdetrek.com\/en\/mentions-legales\/"]}]},{"@type":"BreadcrumbList","@id":"https:\/\/terresdetrek.com\/en\/mentions-legales\/#breadcrumb","itemListElement":[{"@type":"ListItem","position":1,"name":"Accueil","item":"https:\/\/terresdetrek.com\/en\/"},{"@type":"ListItem","position":2,"name":"Mentions l\u00e9gales"}]},{"@type":"WebSite","@id":"https:\/\/terresdetrek.com\/#website","url":"https:\/\/terresdetrek.com\/","name":"Terres de trek","description":"L\u2019exploration des montagnes \u00e0 pied","publisher":{"@id":"https:\/\/terresdetrek.com\/#organization"},"potentialAction":[{"@type":"SearchAction","target":{"@type":"EntryPoint","urlTemplate":"https:\/\/terresdetrek.com\/?s={search_term_string}"},"query-input":{"@type":"PropertyValueSpecification","valueRequired":true,"valueName":"search_term_string"}}],"inLanguage":"en-US"},{"@type":"Organization","@id":"https:\/\/terresdetrek.com\/#organization","name":"Terres de Trek","url":"https:\/\/terresdetrek.com\/","logo":{"@type":"ImageObject","inLanguage":"en-US","@id":"https:\/\/terresdetrek.com\/#\/schema\/logo\/image\/","url":"https:\/\/terresdetrek.com\/wp-content\/uploads\/2019\/12\/terres-de-trek-logo-entete-courriel.png","contentUrl":"https:\/\/terresdetrek.com\/wp-content\/uploads\/2019\/12\/terres-de-trek-logo-entete-courriel.png","width":158,"height":72,"caption":"Terres de Trek"},"image":{"@id":"https:\/\/terresdetrek.com\/#\/schema\/logo\/image\/"},"sameAs":["https:\/\/www.facebook.com\/TerresdeTrek\/","https:\/\/www.instagram.com\/terresdetrek\/?hl=fr"]}]}},"_links":{"self":[{"href":"https:\/\/terresdetrek.com\/en\/wp-json\/wp\/v2\/pages\/6877","targetHints":{"allow":["GET"]}}],"collection":[{"href":"https:\/\/terresdetrek.com\/en\/wp-json\/wp\/v2\/pages"}],"about":[{"href":"https:\/\/terresdetrek.com\/en\/wp-json\/wp\/v2\/types\/page"}],"author":[{"embeddable":true,"href":"https:\/\/terresdetrek.com\/en\/wp-json\/wp\/v2\/users\/2"}],"replies":[{"embeddable":true,"href":"https:\/\/terresdetrek.com\/en\/wp-json\/wp\/v2\/comments?post=6877"}],"version-history":[{"count":0,"href":"https:\/\/terresdetrek.com\/en\/wp-json\/wp\/v2\/pages\/6877\/revisions"}],"wp:attachment":[{"href":"https:\/\/terresdetrek.com\/en\/wp-json\/wp\/v2\/media?parent=6877"}],"curies":[{"name":"wp","href":"https:\/\/api.w.org\/{rel}","templated":true}]}}