{"id":6866,"date":"2019-06-07T16:27:52","date_gmt":"2019-06-07T14:27:52","guid":{"rendered":"https:\/\/terresdetrek.com\/contact\/"},"modified":"2026-02-11T14:00:22","modified_gmt":"2026-02-11T13:00:22","slug":"contact","status":"publish","type":"page","link":"https:\/\/terresdetrek.com\/en\/contact\/","title":{"rendered":"Contact"},"content":{"rendered":"<section class=\"l-section wpb_row height_auto width_full\"><div class=\"l-section-h i-cf\"><div class=\"g-cols vc_row via_flex valign_top type_default stacking_default\"><div class=\"vc_col-sm-6 wpb_column vc_column_container has_bg_color\"><div class=\"vc_column-inner us_custom_9aab6a48\"><div class=\"wpb_wrapper\"><div class=\"w-separator size_custom\" style=\"height:350px\"><\/div><\/div><\/div><\/div><div class=\"vc_col-sm-6 wpb_column vc_column_container\"><div class=\"vc_column-inner\"><div class=\"wpb_wrapper\"><div class=\"g-cols wpb_row us_custom_6e74c4b0 via_flex valign_middle type_default stacking_default\"><div class=\"vc_col-sm-12 wpb_column vc_column_container\"><div class=\"vc_column-inner\"><div class=\"wpb_wrapper\"><div class=\"w-separator size_large\"><\/div><div class=\"wpb_text_column\"><div class=\"wpb_wrapper\"><h1>Join us<\/h1>\n<\/div><\/div><div class=\"w-separator size_medium\"><\/div><\/div><\/div><\/div><div class=\"vc_col-sm-4 wpb_column vc_column_container\"><div class=\"vc_column-inner\"><div class=\"wpb_wrapper\"><div class=\"w-image style_circle align_center\"><div class=\"w-image-h\"><img decoding=\"async\" width=\"1371\" height=\"1371\" src=\"https:\/\/terresdetrek.com\/wp-content\/uploads\/2026\/02\/Tanguy-Trompette-Accompagnateur-en-Montagne.jpg\" class=\"attachment-full size-full\" alt=\"Accompagnateur en Montagne ind\u00e9pendant\" loading=\"lazy\" srcset=\"https:\/\/terresdetrek.com\/wp-content\/uploads\/2026\/02\/Tanguy-Trompette-Accompagnateur-en-Montagne.jpg 1371w, https:\/\/terresdetrek.com\/wp-content\/uploads\/2026\/02\/Tanguy-Trompette-Accompagnateur-en-Montagne-300x300.jpg 300w, https:\/\/terresdetrek.com\/wp-content\/uploads\/2026\/02\/Tanguy-Trompette-Accompagnateur-en-Montagne-150x150.jpg 150w\" sizes=\"auto, (max-width: 1371px) 100vw, 1371px\" \/><\/div><\/div><\/div><\/div><\/div><div class=\"vc_col-sm-8 wpb_column vc_column_container\"><div class=\"vc_column-inner\"><div class=\"wpb_wrapper\"><div class=\"wpb_text_column\"><div class=\"wpb_wrapper\"><p><strong>For your questions or reservations, you&#8217;re on the right track!<\/strong><br \/>\nYou can contact me via this form, by email or by phone.<\/p>\n<p>You can also follow the program of collective outings for hiking or snowshoeing.<br \/>\non the <a href=\"https:\/\/www.facebook.com\/TerresdeTrek\/\" target=\"_blank\" rel=\"noopener noreferrer\">Terres de Trek Facebook page<\/a>, under &#8220;events&#8221;.<\/p>\n<\/div><\/div><div class=\"w-separator size_small\"><\/div><div class=\"wpb_text_column tdk-contact-info-list\"><div class=\"wpb_wrapper\"><ul>\n<li><a href=\"tel:+33667919055\">+33 (0)6 67 91 90 55<\/a><\/li>\n<li><a href=\"mailto:contact@terresdetrek.com\">contact@terresdetrek.com<\/a><\/li>\n<\/ul>\n<\/div><\/div><\/div><\/div><\/div><div class=\"vc_col-sm-12 wpb_column vc_column_container\"><div class=\"vc_column-inner\"><div class=\"wpb_wrapper\"><div class=\"w-separator size_medium\"><\/div>\n<div class=\"wpcf7 no-js\" id=\"wpcf7-f6943-o1\" lang=\"fr-FR\" dir=\"ltr\" data-wpcf7-id=\"6943\">\n<div class=\"screen-reader-response\"><p role=\"status\" aria-live=\"polite\" aria-atomic=\"true\"><\/p> <ul><\/ul><\/div>\n<form action=\"\/en\/wp-json\/wp\/v2\/pages\/6866#wpcf7-f6943-o1\" method=\"post\" class=\"wpcf7-form init\" aria-label=\"Formulaire de contact\" novalidate=\"novalidate\" data-status=\"init\">\n<fieldset class=\"hidden-fields-container\"><input type=\"hidden\" name=\"_wpcf7\" value=\"6943\" \/><input type=\"hidden\" name=\"_wpcf7_version\" value=\"6.1.5\" \/><input type=\"hidden\" name=\"_wpcf7_locale\" value=\"fr_FR\" \/><input type=\"hidden\" name=\"_wpcf7_unit_tag\" value=\"wpcf7-f6943-o1\" \/><input type=\"hidden\" name=\"_wpcf7_container_post\" value=\"0\" \/><input type=\"hidden\" name=\"_wpcf7_posted_data_hash\" value=\"\" \/><input type=\"hidden\" name=\"_wpcf7_recaptcha_response\" value=\"\" \/>\n<\/fieldset>\n<div class=\"tdk-form\">\n\t<p><span class=\"wpcf7-form-control-wrap\" data-name=\"nom\"><input size=\"40\" maxlength=\"400\" class=\"wpcf7-form-control wpcf7-text wpcf7-validates-as-required\" aria-required=\"true\" aria-invalid=\"false\" placeholder=\"Your name*\" value=\"\" type=\"text\" name=\"nom\" \/><\/span>\n\t<\/p>\n\t<p><span class=\"wpcf7-form-control-wrap\" data-name=\"courriel\"><input size=\"40\" maxlength=\"400\" class=\"wpcf7-form-control wpcf7-email wpcf7-validates-as-required wpcf7-text wpcf7-validates-as-email\" aria-required=\"true\" aria-invalid=\"false\" placeholder=\"Your email address*\" value=\"\" type=\"email\" name=\"courriel\" \/><\/span>\n\t<\/p>\n\t<p><span class=\"wpcf7-form-control-wrap\" data-name=\"phone\"><input size=\"40\" maxlength=\"400\" class=\"wpcf7-form-control wpcf7-text wpcf7-validates-as-required\" aria-required=\"true\" aria-invalid=\"false\" placeholder=\"Your phone\" value=\"\" type=\"text\" name=\"phone\" \/><\/span>\n\t<\/p>\n\t<p><span class=\"wpcf7-form-control-wrap\" data-name=\"message\"><textarea cols=\"40\" rows=\"10\" maxlength=\"2000\" class=\"wpcf7-form-control wpcf7-textarea wpcf7-validates-as-required\" aria-required=\"true\" aria-invalid=\"false\" placeholder=\"Your message*\" name=\"message\"><\/textarea><\/span>\n\t<\/p>\n\t<p class=\"center\"><input class=\"wpcf7-form-control wpcf7-submit has-spinner\" type=\"submit\" value=\"Send\" \/>\n\t<\/p>\n<\/div><div class=\"wpcf7-response-output\" aria-hidden=\"true\"><\/div>\n<\/form>\n<\/div>\n<div class=\"w-separator size_large\"><\/div><\/div><\/div><\/div><\/div><\/div><\/div><\/div><\/div><\/div><\/section>\n","protected":false},"excerpt":{"rendered":"Join us For your questions or reservations, you&#8217;re on the right track! You can contact me via this form, by email or by phone. You can also follow the program of collective outings for hiking or snowshoeing. on the Terres de Trek Facebook page, under &#8220;events&#8221;. +33 (0)6 67 91 90 55 contact@terresdetrek.com","protected":false},"author":2,"featured_media":0,"parent":0,"menu_order":0,"comment_status":"closed","ping_status":"closed","template":"","meta":{"footnotes":""},"class_list":["post-6866","page","type-page","status-publish","hentry"],"yoast_head":"<!-- This site is optimized with the Yoast SEO plugin v27.4 - https:\/\/yoast.com\/product\/yoast-seo-wordpress\/ -->\n<title>Nous contacter - Terres de trek<\/title>\n<meta name=\"description\" content=\"R\u00e9servations et renseignements pour vos activit\u00e9s en montagne \u00e9t\u00e9 et hiver. Montage de votre s\u00e9jour accompagn\u00e9 personalis\u00e9 en France et \u00e0 l&#039;\u00e9tranger\" \/>\n<meta name=\"robots\" content=\"index, follow, max-snippet:-1, max-image-preview:large, max-video-preview:-1\" \/>\n<link rel=\"canonical\" href=\"https:\/\/terresdetrek.com\/en\/contact\/\" \/>\n<meta property=\"og:locale\" content=\"en_US\" \/>\n<meta property=\"og:type\" content=\"article\" \/>\n<meta property=\"og:title\" content=\"Nous contacter - Terres de trek\" \/>\n<meta property=\"og:description\" content=\"R\u00e9servations et renseignements pour vos activit\u00e9s en montagne \u00e9t\u00e9 et hiver. Montage de votre s\u00e9jour accompagn\u00e9 personalis\u00e9 en France et \u00e0 l&#039;\u00e9tranger\" \/>\n<meta property=\"og:url\" content=\"https:\/\/terresdetrek.com\/en\/contact\/\" \/>\n<meta property=\"og:site_name\" content=\"Terres de trek\" \/>\n<meta property=\"article:publisher\" content=\"https:\/\/www.facebook.com\/TerresdeTrek\/\" \/>\n<meta property=\"article:modified_time\" content=\"2026-02-11T13:00:22+00:00\" \/>\n<meta name=\"twitter:card\" content=\"summary_large_image\" \/>\n<meta name=\"twitter:label1\" content=\"Est. reading time\" \/>\n\t<meta name=\"twitter:data1\" content=\"1 minute\" \/>\n<script type=\"application\/ld+json\" class=\"yoast-schema-graph\">{\"@context\":\"https:\\\/\\\/schema.org\",\"@graph\":[{\"@type\":\"WebPage\",\"@id\":\"https:\\\/\\\/terresdetrek.com\\\/en\\\/contact\\\/\",\"url\":\"https:\\\/\\\/terresdetrek.com\\\/en\\\/contact\\\/\",\"name\":\"Nous contacter - Terres de trek\",\"isPartOf\":{\"@id\":\"https:\\\/\\\/terresdetrek.com\\\/#website\"},\"datePublished\":\"2019-06-07T14:27:52+00:00\",\"dateModified\":\"2026-02-11T13:00:22+00:00\",\"description\":\"R\u00e9servations et renseignements pour vos activit\u00e9s en montagne \u00e9t\u00e9 et hiver. Montage de votre s\u00e9jour accompagn\u00e9 personalis\u00e9 en France et \u00e0 l'\u00e9tranger\",\"breadcrumb\":{\"@id\":\"https:\\\/\\\/terresdetrek.com\\\/en\\\/contact\\\/#breadcrumb\"},\"inLanguage\":\"en-US\",\"potentialAction\":[{\"@type\":\"ReadAction\",\"target\":[\"https:\\\/\\\/terresdetrek.com\\\/en\\\/contact\\\/\"]}]},{\"@type\":\"BreadcrumbList\",\"@id\":\"https:\\\/\\\/terresdetrek.com\\\/en\\\/contact\\\/#breadcrumb\",\"itemListElement\":[{\"@type\":\"ListItem\",\"position\":1,\"name\":\"Accueil\",\"item\":\"https:\\\/\\\/terresdetrek.com\\\/en\\\/\"},{\"@type\":\"ListItem\",\"position\":2,\"name\":\"Contact\"}]},{\"@type\":\"WebSite\",\"@id\":\"https:\\\/\\\/terresdetrek.com\\\/#website\",\"url\":\"https:\\\/\\\/terresdetrek.com\\\/\",\"name\":\"Terres de trek\",\"description\":\"L\u2019exploration des montagnes \u00e0 pied\",\"publisher\":{\"@id\":\"https:\\\/\\\/terresdetrek.com\\\/#organization\"},\"potentialAction\":[{\"@type\":\"SearchAction\",\"target\":{\"@type\":\"EntryPoint\",\"urlTemplate\":\"https:\\\/\\\/terresdetrek.com\\\/?s={search_term_string}\"},\"query-input\":{\"@type\":\"PropertyValueSpecification\",\"valueRequired\":true,\"valueName\":\"search_term_string\"}}],\"inLanguage\":\"en-US\"},{\"@type\":\"Organization\",\"@id\":\"https:\\\/\\\/terresdetrek.com\\\/#organization\",\"name\":\"Terres de Trek\",\"url\":\"https:\\\/\\\/terresdetrek.com\\\/\",\"logo\":{\"@type\":\"ImageObject\",\"inLanguage\":\"en-US\",\"@id\":\"https:\\\/\\\/terresdetrek.com\\\/#\\\/schema\\\/logo\\\/image\\\/\",\"url\":\"https:\\\/\\\/terresdetrek.com\\\/wp-content\\\/uploads\\\/2019\\\/12\\\/terres-de-trek-logo-entete-courriel.png\",\"contentUrl\":\"https:\\\/\\\/terresdetrek.com\\\/wp-content\\\/uploads\\\/2019\\\/12\\\/terres-de-trek-logo-entete-courriel.png\",\"width\":158,\"height\":72,\"caption\":\"Terres de Trek\"},\"image\":{\"@id\":\"https:\\\/\\\/terresdetrek.com\\\/#\\\/schema\\\/logo\\\/image\\\/\"},\"sameAs\":[\"https:\\\/\\\/www.facebook.com\\\/TerresdeTrek\\\/\",\"https:\\\/\\\/www.instagram.com\\\/terresdetrek\\\/?hl=fr\"]}]}<\/script>\n<!-- \/ Yoast SEO plugin. -->","yoast_head_json":{"title":"Nous contacter - Terres de trek","description":"R\u00e9servations et renseignements pour vos activit\u00e9s en montagne \u00e9t\u00e9 et hiver. Montage de votre s\u00e9jour accompagn\u00e9 personalis\u00e9 en France et \u00e0 l'\u00e9tranger","robots":{"index":"index","follow":"follow","max-snippet":"max-snippet:-1","max-image-preview":"max-image-preview:large","max-video-preview":"max-video-preview:-1"},"canonical":"https:\/\/terresdetrek.com\/en\/contact\/","og_locale":"en_US","og_type":"article","og_title":"Nous contacter - Terres de trek","og_description":"R\u00e9servations et renseignements pour vos activit\u00e9s en montagne \u00e9t\u00e9 et hiver. Montage de votre s\u00e9jour accompagn\u00e9 personalis\u00e9 en France et \u00e0 l'\u00e9tranger","og_url":"https:\/\/terresdetrek.com\/en\/contact\/","og_site_name":"Terres de trek","article_publisher":"https:\/\/www.facebook.com\/TerresdeTrek\/","article_modified_time":"2026-02-11T13:00:22+00:00","twitter_card":"summary_large_image","twitter_misc":{"Est. reading time":"1 minute"},"schema":{"@context":"https:\/\/schema.org","@graph":[{"@type":"WebPage","@id":"https:\/\/terresdetrek.com\/en\/contact\/","url":"https:\/\/terresdetrek.com\/en\/contact\/","name":"Nous contacter - Terres de trek","isPartOf":{"@id":"https:\/\/terresdetrek.com\/#website"},"datePublished":"2019-06-07T14:27:52+00:00","dateModified":"2026-02-11T13:00:22+00:00","description":"R\u00e9servations et renseignements pour vos activit\u00e9s en montagne \u00e9t\u00e9 et hiver. Montage de votre s\u00e9jour accompagn\u00e9 personalis\u00e9 en France et \u00e0 l'\u00e9tranger","breadcrumb":{"@id":"https:\/\/terresdetrek.com\/en\/contact\/#breadcrumb"},"inLanguage":"en-US","potentialAction":[{"@type":"ReadAction","target":["https:\/\/terresdetrek.com\/en\/contact\/"]}]},{"@type":"BreadcrumbList","@id":"https:\/\/terresdetrek.com\/en\/contact\/#breadcrumb","itemListElement":[{"@type":"ListItem","position":1,"name":"Accueil","item":"https:\/\/terresdetrek.com\/en\/"},{"@type":"ListItem","position":2,"name":"Contact"}]},{"@type":"WebSite","@id":"https:\/\/terresdetrek.com\/#website","url":"https:\/\/terresdetrek.com\/","name":"Terres de trek","description":"L\u2019exploration des montagnes \u00e0 pied","publisher":{"@id":"https:\/\/terresdetrek.com\/#organization"},"potentialAction":[{"@type":"SearchAction","target":{"@type":"EntryPoint","urlTemplate":"https:\/\/terresdetrek.com\/?s={search_term_string}"},"query-input":{"@type":"PropertyValueSpecification","valueRequired":true,"valueName":"search_term_string"}}],"inLanguage":"en-US"},{"@type":"Organization","@id":"https:\/\/terresdetrek.com\/#organization","name":"Terres de Trek","url":"https:\/\/terresdetrek.com\/","logo":{"@type":"ImageObject","inLanguage":"en-US","@id":"https:\/\/terresdetrek.com\/#\/schema\/logo\/image\/","url":"https:\/\/terresdetrek.com\/wp-content\/uploads\/2019\/12\/terres-de-trek-logo-entete-courriel.png","contentUrl":"https:\/\/terresdetrek.com\/wp-content\/uploads\/2019\/12\/terres-de-trek-logo-entete-courriel.png","width":158,"height":72,"caption":"Terres de Trek"},"image":{"@id":"https:\/\/terresdetrek.com\/#\/schema\/logo\/image\/"},"sameAs":["https:\/\/www.facebook.com\/TerresdeTrek\/","https:\/\/www.instagram.com\/terresdetrek\/?hl=fr"]}]}},"_links":{"self":[{"href":"https:\/\/terresdetrek.com\/en\/wp-json\/wp\/v2\/pages\/6866","targetHints":{"allow":["GET"]}}],"collection":[{"href":"https:\/\/terresdetrek.com\/en\/wp-json\/wp\/v2\/pages"}],"about":[{"href":"https:\/\/terresdetrek.com\/en\/wp-json\/wp\/v2\/types\/page"}],"author":[{"embeddable":true,"href":"https:\/\/terresdetrek.com\/en\/wp-json\/wp\/v2\/users\/2"}],"replies":[{"embeddable":true,"href":"https:\/\/terresdetrek.com\/en\/wp-json\/wp\/v2\/comments?post=6866"}],"version-history":[{"count":0,"href":"https:\/\/terresdetrek.com\/en\/wp-json\/wp\/v2\/pages\/6866\/revisions"}],"wp:attachment":[{"href":"https:\/\/terresdetrek.com\/en\/wp-json\/wp\/v2\/media?parent=6866"}],"curies":[{"name":"wp","href":"https:\/\/api.w.org\/{rel}","templated":true}]}}