{"id":6860,"date":"2020-04-14T11:41:13","date_gmt":"2020-04-14T09:41:13","guid":{"rendered":"https:\/\/terresdetrek.com\/?page_id=6860"},"modified":"2021-07-02T16:55:25","modified_gmt":"2021-07-02T14:55:25","slug":"snowshoe","status":"publish","type":"page","link":"https:\/\/terresdetrek.com\/en\/snowshoe\/","title":{"rendered":"Snowshoeing"},"content":{"rendered":"<section class=\"l-section wpb_row height_medium with_img\"><div class=\"l-section-img\" role=\"img\" aria-label=\"trek raquette\" data-img-width=\"2500\" data-img-height=\"300\" style=\"background-image: url(https:\/\/terresdetrek.com\/wp-content\/uploads\/2019\/07\/terres-de-trek-raquettes.jpg);\"><\/div><div class=\"l-section-h i-cf\"><div class=\"g-cols vc_row via_flex valign_top type_default stacking_default\"><div class=\"vc_col-sm-12 wpb_column vc_column_container tdk-h1box-page\"><div class=\"vc_column-inner\"><div class=\"wpb_wrapper\"><h1 class=\"w-post-elm post_title us_custom_47ffbcae tdk-h1-page align_center entry-title color_link_inherit\">Snowshoeing<\/h1><\/div><\/div><\/div><\/div><\/div><\/section><section class=\"l-section wpb_row height_medium\"><div class=\"l-section-h i-cf\"><div class=\"g-cols vc_row via_flex valign_top type_default stacking_default\"><div class=\"vc_col-sm-12 wpb_column vc_column_container\"><div class=\"vc_column-inner\"><div class=\"wpb_wrapper\"><div class=\"wpb_text_column us_custom_0490361b\"><div class=\"wpb_wrapper\"><h2>Snowshoeing outings<\/h2>\n<\/div><\/div><div class=\"wpb_text_column\"><div class=\"wpb_wrapper\"><p><strong>Hikes with snowshoes are a great way to experience nature in winter.<span class=\"Apple-converted-space\">\u00a0<\/span><\/strong><\/p>\n<\/div><\/div><div class=\"wpb_text_column\"><div class=\"wpb_wrapper\"><p>Come along with us for a week-long hike from refuge to refuge, a winter survival training program, and day or half day trips.<br \/>\nOur snowshoes are in tip-top shape, light and easy to maneuver and we provide collapsible trekking poles.<\/p>\n<\/div><\/div><div class=\"w-separator size_small\"><\/div><div class=\"g-cols wpb_row via_flex valign_middle type_default stacking_default\"><div class=\"vc_col-sm-6 wpb_column vc_column_container has_bg_color\"><div class=\"vc_column-inner us_custom_a1ff5cd8\"><div class=\"wpb_wrapper\"><div class=\"w-separator size_custom\" style=\"height:350px\"><\/div><\/div><\/div><\/div><div class=\"vc_col-sm-6 wpb_column vc_column_container\"><div class=\"vc_column-inner us_custom_99f74c2c\"><div class=\"wpb_wrapper\"><div class=\"w-separator size_small\"><\/div><div class=\"wpb_text_column\"><div class=\"wpb_wrapper\"><h3>Group outings in Brian\u00e7on Serre-Chevalier, N\u00e9vache and Montgen\u00e8vre<\/h3>\n<\/div><\/div><div class=\"wpb_text_column\"><div class=\"wpb_wrapper\"><p>Group outing \u00bd day : <strong>40 \u20ac \/person<\/strong><br \/>\nGroup outing full-day : <strong>50 \u20ac \/person<\/strong><\/p>\n<p>A varied programme allows you to enjoy an outing with a different theme each day : ibex, chamois, panoramic landscapes, Ecrins National Parc&#8230;<\/p>\n<p><span style=\"font-size: 0.9em;\">Snowshoes and trekking poles provided<br \/>\n<strong>Bring a picnic for day hikes<\/strong><br \/>\n<strong>Bring warm and waterproof high-top hiking boots<\/strong><\/span><\/p>\n<\/div><\/div><div class=\"w-btn-wrapper align_right\"><a class=\"w-btn us-btn-style_5\" title=\"Contact\" href=\"https:\/\/terresdetrek.com\/contact\/\"><span class=\"w-btn-label\">Book<\/span><\/a><\/div><\/div><\/div><\/div><\/div><\/div><\/div><\/div><div class=\"vc_col-sm-6 wpb_column vc_column_container\"><div class=\"vc_column-inner\"><div class=\"wpb_wrapper\"><div class=\"g-cols wpb_row us_custom_a866a6e2 via_flex valign_top type_default stacking_default\"><div class=\"vc_col-sm-12 wpb_column vc_column_container\"><div class=\"vc_column-inner\"><div class=\"wpb_wrapper\"><div class=\"w-separator size_small\"><\/div><div class=\"wpb_text_column us_custom_9c33410b\"><div class=\"wpb_wrapper\"><h3>Private bookings<\/h3>\n<\/div><\/div><div class=\"wpb_text_column\"><div class=\"wpb_wrapper\"><p><strong>Private outings* 1\/2 day 150 \u20ac &#8211; day 240 \u20ac<\/strong><strong>\u00a0<\/strong><\/p>\n<\/div><\/div><div class=\"wpb_text_column\"><div class=\"wpb_wrapper\"><p>A private hike in snowshoes is the key to experiencing the intimacy of nature in winter. Many different itineraries are possible depending on your physical capacities and weather conditions on D-day.<\/p>\n<\/div><\/div><div class=\"w-popup tdk-popup-sejour w-btn-wrapper align_right\"><button type=\"button\" aria-label=\"Details\" class=\"w-popup-trigger type_btn w-btn us-btn-style_5\"><span class=\"w-btn-label\">Details<\/span><\/button><div class=\"w-popup-overlay\" style=\"background:rgba(0,0,0,0.85);\"><\/div><div class=\"w-popup-wrap layout_default tdk-popup-sejour\" role=\"dialog\" aria-modal=\"true\" aria-label=\"Details\" style=\"--title-color:#ffa74e;--title-bg-color:var(--color-content-bg-alt);--content-color:var(--color-content-text);--content-bg-color:var(--color-content-bg);--popup-width:600px;--popup-padding:5%;\"><button aria-label=\"Close\" class=\"w-popup-closer\" type=\"button\"><\/button><div class=\"w-popup-box animation_fadeIn closerpos_outside with_title\"><div class=\"w-popup-box-h\"><div class=\"w-popup-box-title\">Private outings<\/div><div class=\"w-popup-box-content\"><p><strong>150\u20ac for a 1\/2 day or 240\u20ac for the day<\/strong><br \/>\nfor a group up to 5 people, then 30\u20ac \/ 40\u20ac per added person<br \/>\n<span style=\"font-size: 0.9em;\"><br \/>\nSnowshoes and hiking poles provided<br \/>\n<strong>Bring you picnic food for day outings<\/strong><br \/>\n<strong>Bring warm and waterproof high-top hiking boots<\/strong><\/span><\/p>\n<p><a href=\"https:\/\/terresdetrek.com\/contact\/\">Book now<\/a><\/p>\n<\/div><\/div><\/div><\/div><\/div><div class=\"w-separator size_small\"><\/div><\/div><\/div><\/div><\/div><div class=\"g-cols wpb_row us_custom_99f74c2c via_flex valign_top type_default stacking_default\"><div class=\"vc_col-sm-12 wpb_column vc_column_container\"><div class=\"vc_column-inner us_custom_7c314053\"><div class=\"wpb_wrapper\"><div class=\"w-separator size_small\"><\/div><div class=\"wpb_text_column us_custom_9c33410b\"><div class=\"wpb_wrapper\"><h3>6 days tour in Haute-Clar\u00e9e<\/h3>\n<\/div><\/div><div class=\"w-image tde-niveau-logo align_none\"><div class=\"w-image-h\"><img decoding=\"async\" width=\"263\" height=\"50\" src=\"https:\/\/terresdetrek.com\/wp-content\/uploads\/2019\/07\/terre-de-trek-difficulte-initie.png\" class=\"attachment-full size-full\" alt=\"randonn\u00e9e facile\" loading=\"lazy\" \/><\/div><\/div><div class=\"wpb_text_column\"><div class=\"wpb_wrapper\"><p><strong>February &#8211; March 2021<br \/>\n6 days &#8211; all-inclusive trip starting at 590 \u20ac<\/strong><\/p>\n<\/div><\/div><div class=\"wpb_text_column\"><div class=\"wpb_wrapper\"><p>The Clar\u00e9e valley offers an exceptional setting for an itinerant holiday in snowshoes. This itinerary is an immersion in untouched nature, abundant winter fauna and breathtaking views.<span class=\"Apple-converted-space\"><br \/>\n<\/span>Evenings will be spent in comfortable refuges, full of charm and with a reputation for great food.<span class=\"Apple-converted-space\">\u00a0<\/span><\/p>\n<\/div><\/div><div class=\"w-popup w-btn-wrapper align_right\"><button type=\"button\" aria-label=\"Details\" class=\"w-popup-trigger type_btn w-btn us-btn-style_5\"><span class=\"w-btn-label\">Details<\/span><\/button><div class=\"w-popup-overlay\" style=\"background:rgba(0,0,0,0.85);\"><\/div><div class=\"w-popup-wrap layout_default\" role=\"dialog\" aria-modal=\"true\" aria-label=\"Details\" style=\"--title-color:var(--color-content-heading);--title-bg-color:var(--color-content-bg-alt);--content-color:var(--color-content-text);--content-bg-color:var(--color-content-bg);--popup-width:600px;--popup-padding:5%;\"><button aria-label=\"Close\" class=\"w-popup-closer\" type=\"button\"><\/button><div class=\"w-popup-box animation_fadeIn closerpos_outside with_title\"><div class=\"w-popup-box-h\"><div class=\"w-popup-box-title\">6 days snoshoeing in Haute-Clar\u00e9e<\/div><div class=\"w-popup-box-content\"><p><strong><img loading=\"lazy\" decoding=\"async\" class=\"tde-niveau-logo alignnone wp-image-6347 size-full\" src=\"https:\/\/terresdetrek.com\/wp-content\/uploads\/2019\/07\/terre-de-trek-difficulte-initie.png\" alt=\"\" width=\"263\" height=\"50\" \/><\/strong><\/p>\n<h4>Programme<\/h4>\n<p><strong>J1: Sunday &#8211; Starting point at N\u00e9vache and hike in Bois Noir<\/strong><br \/>\nReception at the N\u00e9vache lodge. Free time for lunch. Departure at 2pm for a preliminary snowshoe hike in the Bois Noir. Training on the equipment for avalanche rescue equipment provided (DVA, shovel and probe). Return to the lodge at the end of the afternoon and presentation of the itinerary.<br \/>\n2h hike, altitude gain +110m and -110m<br \/>\nNight in N\u00e9vache lodge<\/p>\n<p><strong>J2: Monday &#8211; Clar\u00e9e valley and ascension into the forest<br \/>\n<\/strong>From N\u00e9vache, we go up the valley that lies between the forest, the snowy meadows and the banks of the Clar\u00e9e river. We end the day by climbing to the Ricou mountain hut, located at the edge of the forest and perched high above the valley.<br \/>\n5h hike, altitude gain +620m and -100m.<br \/>\nNight at the Ricou mountain hut<\/p>\n<p><strong>J3: Tuesday &#8211; Haute-Clar\u00e9e and Col des Rochilles<br \/>\n<\/strong>We descend into the forest to reach the banks of the Clar\u00e9e river, which we follow up to the Dray\u00e8res mountain hut. After a break that will lighten our backpacks, willing participants will hike up to the Rochilles Pass, the Lac Rond and the Lac du Grand Ban. The setting has a gentleness that contrasts nicely with the surrounding crests and summits which tower over 3000m.<br \/>\n6h hike, altitude gain +580m and -250m<br \/>\nNight at the Dray\u00e8res mountain hut<\/p>\n<p><strong>J4: Wednesday &#8211; Col des Muandes<br \/>\n<\/strong>For willing participants, we&#8217;ll tackle the Col des Muandes: a pass at 2828m which promises a magnificent ambiance of high mountain panoramas, small snow-covered lakes and rolling terrain that is a joy to descend. We\u2019ll return to the mountain hut to join those who chose to spend a quiet morning, and descend to the Laval mountain hut, renowned for its comfort and quality catering.<br \/>\n6h hike, altitude gain +650m and -800m<br \/>\nNight at the Laval mountain hut<\/p>\n<p><strong>J5: Thursday &#8211; Col du Chardonnet<br \/>\n<\/strong>Gentle descent to the hamlet of Fontcouverte where we begin our ascent through the larch trees towards the Chardonnet mountain hut. After a short break, willing participants will leave with lighter backpacks to climb the Chardonnet pass: a grandiose panorama of the Ecrins summits.<br \/>\n6hr hike, altitude gain +750m and -570m.<br \/>\nNight at the Chardonnet mountain hut<\/p>\n<p><strong>J6 : Friday &#8211; Casse Pini\u00e8re traverse &#8211; Buff\u00e8re &#8211; N\u00e9vache<\/strong><br \/>\nFrom the Chardonnet mountain hut we cross the wonderful heights of the valley to Buff\u00e8re hills, where we have lunch before descending back through the forest. We will be back at N\u00e9vache at 2pm, in good time for the shuttle transfers to the train stations of Brian\u00e7on and Oulx.<br \/>\n4h30 hike, altitude gain +100m and -510m<\/p>\n<h4>Next start<\/h4>\n<ul>\n<li><strong>Sunday February 7th 2021<\/strong><\/li>\n<li><strong>Sunday February 28th 2021<\/strong><\/li>\n<li><strong>Sunday March 7th 2021<\/strong><\/li>\n<li><strong>contact me for other dates<\/strong><\/li>\n<\/ul>\n<h4>Rates<\/h4>\n<ul>\n<li><span style=\"color: #3883c2;\"><strong>645 \u20ac per person<\/strong><\/span><br \/>\n590 \u20ac per person for group bookings of 4 people or more<\/li>\n<\/ul>\n<p><a href=\"https:\/\/www.serac-montagne.site\/details.php?productCode=3101\">Book now<\/a><\/p>\n<\/div><\/div><\/div><\/div><\/div><div class=\"w-separator size_small\"><\/div><\/div><\/div><\/div><\/div><\/div><\/div><\/div><div class=\"vc_col-sm-6 wpb_column vc_column_container has_bg_color\"><div class=\"vc_column-inner us_custom_709adec2\"><div class=\"wpb_wrapper\"><div class=\"w-separator size_custom\" style=\"height:350px\"><\/div><\/div><\/div><\/div><div class=\"vc_col-sm-12 wpb_column vc_column_container\"><div class=\"vc_column-inner\"><div class=\"wpb_wrapper\"><div class=\"g-cols wpb_row via_flex valign_middle type_default stacking_default\"><div class=\"vc_col-sm-6 vc_hidden-sm vc_hidden-xs wpb_column vc_column_container has_bg_color\"><div class=\"vc_column-inner us_custom_8a0deff2\"><div class=\"wpb_wrapper\"><div class=\"w-separator size_custom\" style=\"height:350px\"><\/div><\/div><\/div><\/div><div class=\"vc_col-sm-6 wpb_column vc_column_container\"><div class=\"vc_column-inner us_custom_99f74c2c\"><div class=\"wpb_wrapper\"><div class=\"w-separator size_small\"><\/div><div class=\"wpb_text_column us_custom_9c33410b\"><div class=\"wpb_wrapper\"><h3>Winter survival training program with a night in an igloo, 2 days<\/h3>\n<\/div><\/div><div class=\"wpb_text_column\"><div class=\"wpb_wrapper\"><p><strong>250 \u20ac \/ person<br \/>\n<\/strong><\/p>\n<\/div><\/div><div class=\"wpb_text_column\"><div class=\"wpb_wrapper\"><p>Combat the cold, limit the risks of hypothermia, construct a temporary shelter or an igloo for the night, build a fire on snow, ensure water provisions, call for emergency rescue, and more. Learn how to anticipate the risks and navigate the sticky situations that arise in winter\u2019s grip.<span class=\"Apple-converted-space\">\u00a0<\/span><\/p>\n<\/div><\/div><div class=\"w-popup w-btn-wrapper align_right\"><button type=\"button\" aria-label=\"Details\" class=\"w-popup-trigger type_btn w-btn us-btn-style_5\"><span class=\"w-btn-label\">Details<\/span><\/button><div class=\"w-popup-overlay\" style=\"background:rgba(0,0,0,0.85);\"><\/div><div class=\"w-popup-wrap layout_default\" role=\"dialog\" aria-modal=\"true\" aria-label=\"Details\" style=\"--title-color:var(--color-content-heading);--title-bg-color:var(--color-content-bg-alt);--content-color:var(--color-content-text);--content-bg-color:var(--color-content-bg);--popup-width:600px;--popup-padding:5%;\"><button aria-label=\"Close\" class=\"w-popup-closer\" type=\"button\"><\/button><div class=\"w-popup-box animation_fadeIn closerpos_outside with_title\"><div class=\"w-popup-box-h\"><div class=\"w-popup-box-title\">Winter training program with a night in an igloo, 2 days<\/div><div class=\"w-popup-box-content\"><p><strong>250\u20ac \/ person, group of 6 people maximum<\/strong><br \/>\n<span style=\"font-size: 0.9em;\"><br \/>\nSnowshoes, hiking poles and bivouac gear provided (including warm sleeping bags and mats)<br \/>\n<\/span><strong>Pack: your meals, warm cloths<span class=\"Apple-converted-space\"><br \/>\n<\/span><\/strong><strong>Bring reliable, warm, high-top hiking boots<\/strong><\/p>\n<p><span style=\"font-size: 0.9em;\">\u00a0<\/span>Next start dates:<\/p>\n<ul>\n<li><strong>Saturday February 13th 2021<\/strong><\/li>\n<li><strong>Saturday March 13th 2021<\/strong><\/li>\n<li><strong>contact me for other dates<\/strong><\/li>\n<\/ul>\n<p><a href=\"https:\/\/terresdetrek.com\/en\/contact\/\">Book now<\/a><\/p>\n<\/div><\/div><\/div><\/div><\/div><\/div><\/div><\/div><\/div><\/div><\/div><\/div><\/div><\/div><\/section><section class=\"l-section wpb_row height_medium color_primary\"><div class=\"l-section-h i-cf\"><div class=\"g-cols vc_row via_flex valign_top type_default stacking_default\"><div class=\"vc_col-sm-12 wpb_column vc_column_container\"><div class=\"vc_column-inner\"><div class=\"wpb_wrapper\"><div class=\"wpb_text_column\"><div class=\"wpb_wrapper\"><h2 style=\"text-align: center;\">Looking for a customised snowshoeing adventure ?<\/h2>\n<p style=\"text-align: center;\">For a trip tailor-made just for you, your family or group or friends<\/p>\n<\/div><\/div><div class=\"w-btn-wrapper align_center\"><a class=\"w-btn us-btn-style_2\" title=\"Contact\" href=\"https:\/\/terresdetrek.com\/contact\/\"><span class=\"w-btn-label\">Contact me<\/span><\/a><\/div><\/div><\/div><\/div><\/div><\/div><\/section>\n","protected":false},"excerpt":{"rendered":"SnowshoeingSnowshoeing outings Hikes with snowshoes are a great way to experience nature in winter.\u00a0 Come along with us for a week-long hike from refuge to refuge, a winter survival training program, and day or half day trips. Our snowshoes are in tip-top shape, light and easy to maneuver and we provide collapsible trekking poles. Group...","protected":false},"author":2,"featured_media":0,"parent":0,"menu_order":0,"comment_status":"closed","ping_status":"closed","template":"","meta":{"footnotes":""},"class_list":["post-6860","page","type-page","status-publish","hentry"],"yoast_head":"<!-- This site is optimized with the Yoast SEO plugin v26.4 - https:\/\/yoast.com\/wordpress\/plugins\/seo\/ -->\n<title>Snowshoeing - Terres de trek<\/title>\n<meta name=\"robots\" content=\"index, follow, max-snippet:-1, max-image-preview:large, max-video-preview:-1\" \/>\n<link rel=\"canonical\" href=\"https:\/\/terresdetrek.com\/en\/snowshoe\/\" \/>\n<meta property=\"og:locale\" content=\"en_US\" \/>\n<meta property=\"og:type\" content=\"article\" \/>\n<meta property=\"og:title\" content=\"Snowshoeing - Terres de trek\" \/>\n<meta property=\"og:url\" content=\"https:\/\/terresdetrek.com\/en\/snowshoe\/\" \/>\n<meta property=\"og:site_name\" content=\"Terres de trek\" \/>\n<meta property=\"article:publisher\" content=\"https:\/\/www.facebook.com\/TerresdeTrek\/\" \/>\n<meta property=\"article:modified_time\" content=\"2021-07-02T14:55:25+00:00\" \/>\n<meta property=\"og:image\" content=\"https:\/\/terresdetrek.com\/wp-content\/uploads\/2019\/07\/terre-de-trek-difficulte-initie.png\" \/>\n<meta name=\"twitter:card\" content=\"summary_large_image\" \/>\n<meta name=\"twitter:label1\" content=\"Est. reading time\" \/>\n\t<meta name=\"twitter:data1\" content=\"5 minutes\" \/>\n<script type=\"application\/ld+json\" class=\"yoast-schema-graph\">{\"@context\":\"https:\/\/schema.org\",\"@graph\":[{\"@type\":\"WebPage\",\"@id\":\"https:\/\/terresdetrek.com\/en\/snowshoe\/\",\"url\":\"https:\/\/terresdetrek.com\/en\/snowshoe\/\",\"name\":\"Snowshoeing - Terres de trek\",\"isPartOf\":{\"@id\":\"https:\/\/terresdetrek.com\/#website\"},\"primaryImageOfPage\":{\"@id\":\"https:\/\/terresdetrek.com\/en\/snowshoe\/#primaryimage\"},\"image\":{\"@id\":\"https:\/\/terresdetrek.com\/en\/snowshoe\/#primaryimage\"},\"thumbnailUrl\":\"https:\/\/terresdetrek.com\/wp-content\/uploads\/2019\/07\/terre-de-trek-difficulte-initie.png\",\"datePublished\":\"2020-04-14T09:41:13+00:00\",\"dateModified\":\"2021-07-02T14:55:25+00:00\",\"breadcrumb\":{\"@id\":\"https:\/\/terresdetrek.com\/en\/snowshoe\/#breadcrumb\"},\"inLanguage\":\"en-US\",\"potentialAction\":[{\"@type\":\"ReadAction\",\"target\":[\"https:\/\/terresdetrek.com\/en\/snowshoe\/\"]}]},{\"@type\":\"ImageObject\",\"inLanguage\":\"en-US\",\"@id\":\"https:\/\/terresdetrek.com\/en\/snowshoe\/#primaryimage\",\"url\":\"https:\/\/terresdetrek.com\/wp-content\/uploads\/2019\/07\/terre-de-trek-difficulte-initie.png\",\"contentUrl\":\"https:\/\/terresdetrek.com\/wp-content\/uploads\/2019\/07\/terre-de-trek-difficulte-initie.png\"},{\"@type\":\"BreadcrumbList\",\"@id\":\"https:\/\/terresdetrek.com\/en\/snowshoe\/#breadcrumb\",\"itemListElement\":[{\"@type\":\"ListItem\",\"position\":1,\"name\":\"Accueil\",\"item\":\"https:\/\/terresdetrek.com\/en\/\"},{\"@type\":\"ListItem\",\"position\":2,\"name\":\"Snowshoeing\"}]},{\"@type\":\"WebSite\",\"@id\":\"https:\/\/terresdetrek.com\/#website\",\"url\":\"https:\/\/terresdetrek.com\/\",\"name\":\"Terres de trek\",\"description\":\"L\u2019exploration des montagnes \u00e0 pied\",\"publisher\":{\"@id\":\"https:\/\/terresdetrek.com\/#organization\"},\"potentialAction\":[{\"@type\":\"SearchAction\",\"target\":{\"@type\":\"EntryPoint\",\"urlTemplate\":\"https:\/\/terresdetrek.com\/?s={search_term_string}\"},\"query-input\":{\"@type\":\"PropertyValueSpecification\",\"valueRequired\":true,\"valueName\":\"search_term_string\"}}],\"inLanguage\":\"en-US\"},{\"@type\":\"Organization\",\"@id\":\"https:\/\/terresdetrek.com\/#organization\",\"name\":\"Terres de Trek\",\"url\":\"https:\/\/terresdetrek.com\/\",\"logo\":{\"@type\":\"ImageObject\",\"inLanguage\":\"en-US\",\"@id\":\"https:\/\/terresdetrek.com\/#\/schema\/logo\/image\/\",\"url\":\"https:\/\/terresdetrek.com\/wp-content\/uploads\/2019\/12\/terres-de-trek-logo-entete-courriel.png\",\"contentUrl\":\"https:\/\/terresdetrek.com\/wp-content\/uploads\/2019\/12\/terres-de-trek-logo-entete-courriel.png\",\"width\":158,\"height\":72,\"caption\":\"Terres de Trek\"},\"image\":{\"@id\":\"https:\/\/terresdetrek.com\/#\/schema\/logo\/image\/\"},\"sameAs\":[\"https:\/\/www.facebook.com\/TerresdeTrek\/\",\"https:\/\/www.instagram.com\/terresdetrek\/?hl=fr\"]}]}<\/script>\n<!-- \/ Yoast SEO plugin. -->","yoast_head_json":{"title":"Snowshoeing - Terres de trek","robots":{"index":"index","follow":"follow","max-snippet":"max-snippet:-1","max-image-preview":"max-image-preview:large","max-video-preview":"max-video-preview:-1"},"canonical":"https:\/\/terresdetrek.com\/en\/snowshoe\/","og_locale":"en_US","og_type":"article","og_title":"Snowshoeing - Terres de trek","og_url":"https:\/\/terresdetrek.com\/en\/snowshoe\/","og_site_name":"Terres de trek","article_publisher":"https:\/\/www.facebook.com\/TerresdeTrek\/","article_modified_time":"2021-07-02T14:55:25+00:00","og_image":[{"url":"https:\/\/terresdetrek.com\/wp-content\/uploads\/2019\/07\/terre-de-trek-difficulte-initie.png","type":"","width":"","height":""}],"twitter_card":"summary_large_image","twitter_misc":{"Est. reading time":"5 minutes"},"schema":{"@context":"https:\/\/schema.org","@graph":[{"@type":"WebPage","@id":"https:\/\/terresdetrek.com\/en\/snowshoe\/","url":"https:\/\/terresdetrek.com\/en\/snowshoe\/","name":"Snowshoeing - Terres de trek","isPartOf":{"@id":"https:\/\/terresdetrek.com\/#website"},"primaryImageOfPage":{"@id":"https:\/\/terresdetrek.com\/en\/snowshoe\/#primaryimage"},"image":{"@id":"https:\/\/terresdetrek.com\/en\/snowshoe\/#primaryimage"},"thumbnailUrl":"https:\/\/terresdetrek.com\/wp-content\/uploads\/2019\/07\/terre-de-trek-difficulte-initie.png","datePublished":"2020-04-14T09:41:13+00:00","dateModified":"2021-07-02T14:55:25+00:00","breadcrumb":{"@id":"https:\/\/terresdetrek.com\/en\/snowshoe\/#breadcrumb"},"inLanguage":"en-US","potentialAction":[{"@type":"ReadAction","target":["https:\/\/terresdetrek.com\/en\/snowshoe\/"]}]},{"@type":"ImageObject","inLanguage":"en-US","@id":"https:\/\/terresdetrek.com\/en\/snowshoe\/#primaryimage","url":"https:\/\/terresdetrek.com\/wp-content\/uploads\/2019\/07\/terre-de-trek-difficulte-initie.png","contentUrl":"https:\/\/terresdetrek.com\/wp-content\/uploads\/2019\/07\/terre-de-trek-difficulte-initie.png"},{"@type":"BreadcrumbList","@id":"https:\/\/terresdetrek.com\/en\/snowshoe\/#breadcrumb","itemListElement":[{"@type":"ListItem","position":1,"name":"Accueil","item":"https:\/\/terresdetrek.com\/en\/"},{"@type":"ListItem","position":2,"name":"Snowshoeing"}]},{"@type":"WebSite","@id":"https:\/\/terresdetrek.com\/#website","url":"https:\/\/terresdetrek.com\/","name":"Terres de trek","description":"L\u2019exploration des montagnes \u00e0 pied","publisher":{"@id":"https:\/\/terresdetrek.com\/#organization"},"potentialAction":[{"@type":"SearchAction","target":{"@type":"EntryPoint","urlTemplate":"https:\/\/terresdetrek.com\/?s={search_term_string}"},"query-input":{"@type":"PropertyValueSpecification","valueRequired":true,"valueName":"search_term_string"}}],"inLanguage":"en-US"},{"@type":"Organization","@id":"https:\/\/terresdetrek.com\/#organization","name":"Terres de Trek","url":"https:\/\/terresdetrek.com\/","logo":{"@type":"ImageObject","inLanguage":"en-US","@id":"https:\/\/terresdetrek.com\/#\/schema\/logo\/image\/","url":"https:\/\/terresdetrek.com\/wp-content\/uploads\/2019\/12\/terres-de-trek-logo-entete-courriel.png","contentUrl":"https:\/\/terresdetrek.com\/wp-content\/uploads\/2019\/12\/terres-de-trek-logo-entete-courriel.png","width":158,"height":72,"caption":"Terres de Trek"},"image":{"@id":"https:\/\/terresdetrek.com\/#\/schema\/logo\/image\/"},"sameAs":["https:\/\/www.facebook.com\/TerresdeTrek\/","https:\/\/www.instagram.com\/terresdetrek\/?hl=fr"]}]}},"_links":{"self":[{"href":"https:\/\/terresdetrek.com\/en\/wp-json\/wp\/v2\/pages\/6860","targetHints":{"allow":["GET"]}}],"collection":[{"href":"https:\/\/terresdetrek.com\/en\/wp-json\/wp\/v2\/pages"}],"about":[{"href":"https:\/\/terresdetrek.com\/en\/wp-json\/wp\/v2\/types\/page"}],"author":[{"embeddable":true,"href":"https:\/\/terresdetrek.com\/en\/wp-json\/wp\/v2\/users\/2"}],"replies":[{"embeddable":true,"href":"https:\/\/terresdetrek.com\/en\/wp-json\/wp\/v2\/comments?post=6860"}],"version-history":[{"count":0,"href":"https:\/\/terresdetrek.com\/en\/wp-json\/wp\/v2\/pages\/6860\/revisions"}],"wp:attachment":[{"href":"https:\/\/terresdetrek.com\/en\/wp-json\/wp\/v2\/media?parent=6860"}],"curies":[{"name":"wp","href":"https:\/\/api.w.org\/{rel}","templated":true}]}}